{"id":9,"date":"2024-01-27T20:59:01","date_gmt":"2024-01-27T19:59:01","guid":{"rendered":"https:\/\/karakolas.org\/?page_id=9"},"modified":"2024-07-02T17:19:21","modified_gmt":"2024-07-02T15:19:21","slug":"inicio","status":"publish","type":"page","link":"https:\/\/karakolas.org\/","title":{"rendered":"Karakolas"},"content":{"rendered":"\n<p>Karakolas es una herramienta de software libre para la gesti\u00f3n de Grupos de Consumo.<\/p>\n\n\n\n<p>Resuelve las tareas de gesti\u00f3n de pedidos, reparto, y contabilidad de forma integrada, simplificando las tareas habituales de los grupos de consumo, facilitando la organizaci\u00f3n de redes y fomentando una relaci\u00f3n entre producci\u00f3n y consumo m\u00e1s directa y transparente.<\/p>\n\n\n\n<p>El desarrollo y mantenimiento de esta herramienta se realiza de forma colaborativa, sin \u00e1nimo de lucro, y se coordina a trav\u00e9s de una asamblea constituida por las mismas personas y entidades que la usan.<\/p>\n","protected":false},"excerpt":{"rendered":"<p>Karakolas es una herramienta de software libre para la gesti\u00f3n de Grupos de Consumo. Resuelve las tareas de gesti\u00f3n de pedidos, reparto, y contabilidad de forma integrada, simplificando las tareas habituales de los grupos de consumo, facilitando la organizaci\u00f3n de redes y fomentando una relaci\u00f3n entre producci\u00f3n y consumo m\u00e1s directa y transparente. El desarrollo y mantenimiento de esta herramienta se realiza de forma colaborativa, sin \u00e1nimo de lucro, y se coordina a trav\u00e9s de una asamblea constituida por las mismas personas y entidades que la usan.<\/p>\n","protected":false},"author":1,"featured_media":0,"parent":0,"menu_order":0,"comment_status":"closed","ping_status":"closed","template":"template-frontpage.php","meta":{"footnotes":""},"class_list":["post-9","page","type-page","status-publish","hentry"],"featured_image_src":null,"_links":{"self":[{"href":"https:\/\/karakolas.org\/index.php\/wp-json\/wp\/v2\/pages\/9","targetHints":{"allow":["GET"]}}],"collection":[{"href":"https:\/\/karakolas.org\/index.php\/wp-json\/wp\/v2\/pages"}],"about":[{"href":"https:\/\/karakolas.org\/index.php\/wp-json\/wp\/v2\/types\/page"}],"author":[{"embeddable":true,"href":"https:\/\/karakolas.org\/index.php\/wp-json\/wp\/v2\/users\/1"}],"replies":[{"embeddable":true,"href":"https:\/\/karakolas.org\/index.php\/wp-json\/wp\/v2\/comments?post=9"}],"version-history":[{"count":3,"href":"https:\/\/karakolas.org\/index.php\/wp-json\/wp\/v2\/pages\/9\/revisions"}],"predecessor-version":[{"id":64,"href":"https:\/\/karakolas.org\/index.php\/wp-json\/wp\/v2\/pages\/9\/revisions\/64"}],"wp:attachment":[{"href":"https:\/\/karakolas.org\/index.php\/wp-json\/wp\/v2\/media?parent=9"}],"curies":[{"name":"wp","href":"https:\/\/api.w.org\/{rel}","templated":true}]}}