{"id":87,"date":"2024-07-02T17:30:25","date_gmt":"2024-07-02T15:30:25","guid":{"rendered":"https:\/\/karakolas.org\/?page_id=87"},"modified":"2024-07-02T17:30:25","modified_gmt":"2024-07-02T15:30:25","slug":"prueba-karakolas","status":"publish","type":"page","link":"https:\/\/karakolas.org\/index.php\/prueba-karakolas\/","title":{"rendered":"Prueba Karakolas"},"content":{"rendered":"\n<p>Si quieres probar la aplicaci\u00f3n en directo, puedes pinchar en el siguiente link, que te llevar\u00e1 a nuestra p\u00e1gina de pruebas, donde podr\u00e1s experimentar toda la funcionalidad de la aplicaci\u00f3n sin necesidad de instalar o de registrarte:<\/p>\n\n\n\n<p><a href=\"https:\/\/test.karakolas.org\">https:\/\/test.karakolas.org<\/a><\/p>\n\n\n\n<p><\/p>\n","protected":false},"excerpt":{"rendered":"<p>Si quieres probar la aplicaci\u00f3n en directo, puedes pinchar en el siguiente link, que te llevar\u00e1 a nuestra p\u00e1gina de pruebas, donde podr\u00e1s experimentar toda la funcionalidad de la aplicaci\u00f3n sin necesidad de instalar o de registrarte: https:\/\/test.karakolas.org<\/p>\n","protected":false},"author":2,"featured_media":0,"parent":0,"menu_order":0,"comment_status":"closed","ping_status":"closed","template":"","meta":{"footnotes":""},"class_list":["post-87","page","type-page","status-publish","hentry"],"featured_image_src":null,"_links":{"self":[{"href":"https:\/\/karakolas.org\/index.php\/wp-json\/wp\/v2\/pages\/87","targetHints":{"allow":["GET"]}}],"collection":[{"href":"https:\/\/karakolas.org\/index.php\/wp-json\/wp\/v2\/pages"}],"about":[{"href":"https:\/\/karakolas.org\/index.php\/wp-json\/wp\/v2\/types\/page"}],"author":[{"embeddable":true,"href":"https:\/\/karakolas.org\/index.php\/wp-json\/wp\/v2\/users\/2"}],"replies":[{"embeddable":true,"href":"https:\/\/karakolas.org\/index.php\/wp-json\/wp\/v2\/comments?post=87"}],"version-history":[{"count":1,"href":"https:\/\/karakolas.org\/index.php\/wp-json\/wp\/v2\/pages\/87\/revisions"}],"predecessor-version":[{"id":88,"href":"https:\/\/karakolas.org\/index.php\/wp-json\/wp\/v2\/pages\/87\/revisions\/88"}],"wp:attachment":[{"href":"https:\/\/karakolas.org\/index.php\/wp-json\/wp\/v2\/media?parent=87"}],"curies":[{"name":"wp","href":"https:\/\/api.w.org\/{rel}","templated":true}]}}