{"id":170,"date":"2024-11-11T16:18:21","date_gmt":"2024-11-11T15:18:21","guid":{"rendered":"https:\/\/karakolas.org\/?page_id=170"},"modified":"2024-11-17T10:45:24","modified_gmt":"2024-11-17T09:45:24","slug":"productor-de-carne","status":"publish","type":"page","link":"https:\/\/karakolas.org\/index.php\/productor-de-carne\/","title":{"rendered":"Productor de Carne"},"content":{"rendered":"\n<p>Los grupos de consumo suelen consumir productos c\u00e1rnicos diversos. Como norma general los requisitos que suelen buscar los grupos de consumo pertenecientes a Karakolas, es que sean productores de proximidad, ecol\u00f3gicos y que cumplan ciertos criterios de en el trato hacia los animales. <\/p>\n\n\n\n<p>Ante el gran crecimiento de productos tipo c\u00e1rnicos de origen vegetal, tambi\u00e9n daremos cabida en este espacio a ellos.<\/p>\n\n\n\n<div class=\"wp-block-columns is-layout-flex wp-container-core-columns-is-layout-9d6595d7 wp-block-columns-is-layout-flex\">\n<div class=\"wp-block-column is-layout-flow wp-block-column-is-layout-flow\" style=\"flex-basis:33.33%\">\n<figure class=\"wp-block-image size-full\"><a href=\"https:\/\/carnebraman.com\/\" target=\"_blank\" rel=\"carnes bramam noopener\"><img loading=\"lazy\" decoding=\"async\" width=\"230\" height=\"99\" src=\"https:\/\/karakolas.org\/wp-content\/uploads\/2024\/11\/logo-carne-braman.png\" alt=\"\" class=\"wp-image-171\"\/><\/a><\/figure>\n<\/div>\n\n\n\n<div class=\"wp-block-column is-layout-flow wp-block-column-is-layout-flow\" style=\"flex-basis:66.66%\">\n<h2 class=\"wp-block-heading has-text-align-center\"><a href=\"https:\/\/carnebraman.com\/\" data-type=\"link\" data-id=\"https:\/\/carnebraman.com\/\" target=\"_blank\" rel=\"noreferrer noopener nofollow\">Carnes Bramam<\/a><\/h2>\n\n\n\n<p class=\"has-text-align-center\">Productores de carne de ternera ecol\u00f3gica de la sierra del Guadarrama<\/p>\n<\/div>\n<\/div>\n","protected":false},"excerpt":{"rendered":"<p>Los grupos de consumo suelen consumir productos c\u00e1rnicos diversos. Como norma general los requisitos que suelen buscar los grupos de consumo pertenecientes a Karakolas, es que sean productores de proximidad, ecol\u00f3gicos y que cumplan ciertos criterios de en el trato hacia los animales. Ante el gran crecimiento de productos tipo c\u00e1rnicos de origen vegetal, tambi\u00e9n daremos cabida en este espacio a ellos. Carnes Bramam Productores de carne de ternera ecol\u00f3gica de la sierra del Guadarrama<\/p>\n","protected":false},"author":3,"featured_media":0,"parent":0,"menu_order":0,"comment_status":"closed","ping_status":"closed","template":"","meta":{"footnotes":""},"class_list":["post-170","page","type-page","status-publish","hentry"],"featured_image_src":null,"_links":{"self":[{"href":"https:\/\/karakolas.org\/index.php\/wp-json\/wp\/v2\/pages\/170","targetHints":{"allow":["GET"]}}],"collection":[{"href":"https:\/\/karakolas.org\/index.php\/wp-json\/wp\/v2\/pages"}],"about":[{"href":"https:\/\/karakolas.org\/index.php\/wp-json\/wp\/v2\/types\/page"}],"author":[{"embeddable":true,"href":"https:\/\/karakolas.org\/index.php\/wp-json\/wp\/v2\/users\/3"}],"replies":[{"embeddable":true,"href":"https:\/\/karakolas.org\/index.php\/wp-json\/wp\/v2\/comments?post=170"}],"version-history":[{"count":1,"href":"https:\/\/karakolas.org\/index.php\/wp-json\/wp\/v2\/pages\/170\/revisions"}],"predecessor-version":[{"id":172,"href":"https:\/\/karakolas.org\/index.php\/wp-json\/wp\/v2\/pages\/170\/revisions\/172"}],"wp:attachment":[{"href":"https:\/\/karakolas.org\/index.php\/wp-json\/wp\/v2\/media?parent=170"}],"curies":[{"name":"wp","href":"https:\/\/api.w.org\/{rel}","templated":true}]}}